{"id":1087,"date":"2024-11-26T21:03:45","date_gmt":"2024-11-27T01:03:45","guid":{"rendered":"https:\/\/confederationbridge.com\/?page_id=1087"},"modified":"2025-11-04T15:24:02","modified_gmt":"2025-11-04T19:24:02","slug":"restrictions","status":"publish","type":"page","link":"https:\/\/www.confederationbridge.com\/fr\/restrictions\/","title":{"rendered":"Restrictions"},"content":{"rendered":"<p>[et_pb_section fb_built=\u00a0\u00bb1&Prime; admin_label=\u00a0\u00bbAbout Us\u00a0\u00bb _builder_version=\u00a0\u00bb4.24.0&Prime; background_enable_image=\u00a0\u00bboff\u00a0\u00bb parallax=\u00a0\u00bbon\u00a0\u00bb custom_margin=\u00a0\u00bb0px||0px||true|false\u00a0\u00bb custom_padding=\u00a0\u00bb0px|0px|60px|0px|false|false\u00a0\u00bb locked=\u00a0\u00bboff\u00a0\u00bb global_colors_info=\u00a0\u00bb{}\u00a0\u00bb][et_pb_row column_structure=\u00a0\u00bb2_5,3_5&Prime; use_custom_gutter=\u00a0\u00bbon\u00a0\u00bb make_equal=\u00a0\u00bbon\u00a0\u00bb _builder_version=\u00a0\u00bb4.24.0&Prime; _module_preset=\u00a0\u00bbdefault\u00a0\u00bb width=\u00a0\u00bb90%\u00a0\u00bb max_width=\u00a0\u00bb100%\u00a0\u00bb custom_margin=\u00a0\u00bb||||false|false\u00a0\u00bb custom_padding=\u00a0\u00bb0px||0px||false|false\u00a0\u00bb global_colors_info=\u00a0\u00bb{}\u00a0\u00bb][et_pb_column type=\u00a0\u00bb2_5&Prime; _builder_version=\u00a0\u00bb4.24.0&Prime; _module_preset=\u00a0\u00bbdefault\u00a0\u00bb global_colors_info=\u00a0\u00bb{}\u00a0\u00bb][et_pb_image src=\u00a0\u00bbhttps:\/\/www.confederationbridge.com\/wp-content\/uploads\/2024\/11\/getting_there_take_the_high_road_fr-2.jpg\u00a0\u00bb title_text=\u00a0\u00bbgetting_there_take_the_high_road_fr (2)\u00a0\u00bb force_fullwidth=\u00a0\u00bbon\u00a0\u00bb _builder_version=\u00a0\u00bb4.24.0&Prime; _module_preset=\u00a0\u00bbdefault\u00a0\u00bb border_radii=\u00a0\u00bbon|30px|30px|30px|30px\u00a0\u00bb border_width_all=\u00a0\u00bb7px\u00a0\u00bb border_color_all=\u00a0\u00bb#0fb2ec\u00a0\u00bb border_style_all=\u00a0\u00bbnone\u00a0\u00bb global_colors_info=\u00a0\u00bb{}\u00a0\u00bb][\/et_pb_image][et_pb_heading title=\u00a0\u00bbFAQs\u00a0\u00bb _builder_version=\u00a0\u00bb4.27.4&Prime; _module_preset=\u00a0\u00bbdefault\u00a0\u00bb title_level=\u00a0\u00bbh2&Prime; title_font=\u00a0\u00bb|700|||||||\u00a0\u00bb title_text_color=\u00a0\u00bb#0ab30e\u00a0\u00bb title_font_size=\u00a0\u00bb29px\u00a0\u00bb custom_margin=\u00a0\u00bb||10px||false|false\u00a0\u00bb custom_padding=\u00a0\u00bb||0px||false|false\u00a0\u00bb text_shadow_style=\u00a0\u00bbpreset5&Prime; text_shadow_horizontal_length=\u00a0\u00bb1px\u00a0\u00bb text_shadow_vertical_length=\u00a0\u00bb1px\u00a0\u00bb text_shadow_color=\u00a0\u00bb#000000&Prime; global_colors_info=\u00a0\u00bb{}\u00a0\u00bb text_shadow_color__hover_enabled=\u00a0\u00bbon|desktop\u00a0\u00bb text_shadow_color__hover=\u00a0\u00bb#000000&Prime;][\/et_pb_heading][et_pb_accordion open_toggle_text_color=\u00a0\u00bb#0C71C3&Prime; closed_toggle_text_color=\u00a0\u00bb#007c02&Prime; closed_toggle_background_color=\u00a0\u00bb#FFFFFF\u00a0\u00bb toggle_icon=\u00a0\u00bb&#x49;||divi||400&Prime; icon_color=\u00a0\u00bb#7CDA24&Prime; use_icon_font_size=\u00a0\u00bbon\u00a0\u00bb _builder_version=\u00a0\u00bb4.24.0&Prime; _module_preset=\u00a0\u00bbdefault\u00a0\u00bb toggle_level=\u00a0\u00bbh3&Prime; toggle_font=\u00a0\u00bb|700|||||||\u00a0\u00bb toggle_font_size=\u00a0\u00bb16px\u00a0\u00bb border_radii=\u00a0\u00bbon|10px|10px|10px|10px\u00a0\u00bb border_color_all=\u00a0\u00bb#000000&Prime; global_colors_info=\u00a0\u00bb{}\u00a0\u00bb][et_pb_accordion_item title=\u00a0\u00bbO\u00f9 puis-je trouver des renseignements tr\u00e8s pr\u00e9cis sur les conditions du pont?\u00a0\u00bb open=\u00a0\u00bbon\u00a0\u00bb _builder_version=\u00a0\u00bb4.24.0&Prime; _module_preset=\u00a0\u00bbdefault\u00a0\u00bb body_font=\u00a0\u00bb|600|||||||\u00a0\u00bb body_text_color=\u00a0\u00bb#000000&Prime; body_text_shadow_style=\u00a0\u00bbpreset3&Prime; body_text_shadow_color=\u00a0\u00bb#FFFFFF\u00a0\u00bb global_colors_info=\u00a0\u00bb{}\u00a0\u00bb]<\/p>\n<div class=\"sFaq\">\n<div class=\"ans\">Les propri\u00e9taires d\u2019un t\u00e9l\u00e9phone intelligent peuvent t\u00e9l\u00e9charger l\u2019application Pont de la Conf\u00e9d\u00e9ration ou s\u2019abonner au service \u00e9lectronique d\u2019avis aux voyageurs pour demeurer inform\u00e9s des conditions changeantes du pont. Les conditions actuelles sont \u00e9galement accessibles sur notre site Web ou en composant notre num\u00e9ro (902-437-7300), et en choisissant l\u2019option en question \u00e0 partir du menu principal.<\/div>\n<\/div>\n<div class=\"sFaq\"><\/div>\n<p>[\/et_pb_accordion_item][et_pb_accordion_item title=\u00a0\u00bbLe pont est-il parfois ferm\u00e9 \u00e0 la circulation?\u00a0\u00bb _builder_version=\u00a0\u00bb4.24.0&Prime; _module_preset=\u00a0\u00bbdefault\u00a0\u00bb global_colors_info=\u00a0\u00bb{}\u00a0\u00bb open=\u00a0\u00bboff\u00a0\u00bb]<\/p>\n<p><span>Le pont est con\u00e7u de mani\u00e8re \u00e0 minimiser les r\u00e9percussions des conditions m\u00e9t\u00e9orologiques extr\u00eames et il est rarement ferm\u00e9 \u00e0 la circulation. Les restrictions impos\u00e9es par le vent s\u2019appliquent g\u00e9n\u00e9ralement uniquement aux v\u00e9hicules \u00e0 profil \u00e9lev\u00e9, aux motocyclettes et aux v\u00e9hicules tirant des objets.<\/span><\/p>\n<p>[\/et_pb_accordion_item][\/et_pb_accordion][\/et_pb_column][et_pb_column type=\u00a0\u00bb3_5&Prime; _builder_version=\u00a0\u00bb4.24.0&Prime; _module_preset=\u00a0\u00bbdefault\u00a0\u00bb custom_padding=\u00a0\u00bb||||false|false\u00a0\u00bb global_colors_info=\u00a0\u00bb{}\u00a0\u00bb][et_pb_heading title=\u00a0\u00bbRestrictions\u00a0\u00bb _builder_version=\u00a0\u00bb4.27.4&Prime; _module_preset=\u00a0\u00bbdefault\u00a0\u00bb title_font=\u00a0\u00bb|700|||||||\u00a0\u00bb title_text_color=\u00a0\u00bb#0ab30e\u00a0\u00bb title_font_size=\u00a0\u00bb29px\u00a0\u00bb custom_margin=\u00a0\u00bb||10px||false|false\u00a0\u00bb text_shadow_style=\u00a0\u00bbpreset5&Prime; text_shadow_horizontal_length=\u00a0\u00bb1px\u00a0\u00bb text_shadow_vertical_length=\u00a0\u00bb1px\u00a0\u00bb text_shadow_color=\u00a0\u00bb#000000&Prime; global_colors_info=\u00a0\u00bb{}\u00a0\u00bb text_shadow_color__hover_enabled=\u00a0\u00bbon|desktop\u00a0\u00bb text_shadow_color__hover=\u00a0\u00bb#000000&Prime;][\/et_pb_heading][et_pb_text _builder_version=\u00a0\u00bb4.27.4&Prime; _module_preset=\u00a0\u00bbdefault\u00a0\u00bb text_text_color=\u00a0\u00bb#000000&Prime; background_enable_color=\u00a0\u00bboff\u00a0\u00bb custom_padding=\u00a0\u00bb||||false|false\u00a0\u00bb hover_enabled=\u00a0\u00bb0&Prime; border_radii=\u00a0\u00bbon|10px|10px|10px|10px\u00a0\u00bb border_width_all=\u00a0\u00bb1px\u00a0\u00bb border_style_all=\u00a0\u00bbnone\u00a0\u00bb global_colors_info=\u00a0\u00bb{}\u00a0\u00bb sticky_enabled=\u00a0\u00bb0&Prime;]Le Pont de la Conf\u00e9d\u00e9ration surveille la vitesse du vent 24\u00a0heures par jour \u00e0 l\u2019aide d\u2019un syst\u00e8me de surveillance m\u00e9t\u00e9orologique en temps r\u00e9el install\u00e9 sur le pont et consulte les bulletins m\u00e9t\u00e9orologiques des environs qu\u2019une entreprise ind\u00e9pendante sp\u00e9cialis\u00e9e lui fournit. Des restrictions concernant les d\u00e9placements peuvent s\u2019appliquer quand des vents soutenus de plus de 70\u00a0km\/h balaient le pont et que les rafales de vent exc\u00e8dent constamment 85\u00a0km\/h. G\u00e9n\u00e9ralement, ces restrictions s\u2019appliquent uniquement aux v\u00e9hicules \u00e0 profil \u00e9lev\u00e9, aux motocyclettes et aux v\u00e9hicules tirant des objets.<\/p>\n<h2><strong><\/strong><\/h2>\n<h2><span style=\"color: #0053a0;\"><strong>Suis-je propri\u00e9taire d\u2019un v\u00e9hicule \u00e0 profil \u00e9lev\u00e9?<\/strong><\/span><\/h2>\n<p>Selon le Pont de la Conf\u00e9d\u00e9ration, un v\u00e9hicule \u00e0 profil \u00e9lev\u00e9 exc\u00e8de 7\u00a0pieds et 2\u00a0pouces (2,2\u00a0m\u00e8tres) de hauteur, incluant tout support fixe ou amovible. \u00c0 titre de r\u00e9f\u00e9rence, la hauteur de la plupart des camions, des VUS et des camionnettes, incluant les camionnettes de 15\u00a0passagers, est nettement inf\u00e9rieure \u00e0 7\u00a0pieds et 2\u00a0pouces (2,2\u00a0m\u00e8tres).<\/p>\n<h2><strong><\/strong><\/h2>\n<h3><span style=\"color: #0053a0;\"><strong>Avis aux voyageurs \u2013 T\u00e9l\u00e9chargez l\u2019application!<\/strong><\/span><\/h3>\n<p><span data-teams=\"true\">Restez inform\u00e9 des conditions changeantes du Pont de la Conf\u00e9d\u00e9ration gr\u00e2ce \u00e0 notre nouvelle application Pont de la Conf\u00e9d\u00e9ration disponible sur Android ou iOS. L\u2019application vous permettra d\u2019acc\u00e9der en temps r\u00e9el aux conditions m\u00e9t\u00e9orologiques et de circulation sur le pont. Vous ne poss\u00e9dez pas de t\u00e9l\u00e9phone intelligent? Rien de plus simple que de vous abonner \u00e0 notre service \u00e9lectronique sans frais d\u2019avis aux voyageurs!<\/span> Vous n\u2019avez qu\u2019\u00e0<span>\u00a0<\/span><a style=\"color: #0053a0; font-weight: 600;\" href=\"https:\/\/confederationbridge.com\/fr\/signup\/\">cliquer ici<\/a><span>\u00a0<\/span>pour conna\u00eetre toute restriction potentielle ou actuelle concernant le pont.<\/p>\n<h3><span style=\"color: #0053a0;\"><strong>Stationnement commercial<\/strong><\/span><\/h3>\n<p>Des aires d\u2019attente et des stationnements s\u00e9curitaires et pratiques sont situ\u00e9s aux deux extr\u00e9mit\u00e9s du Pont de la Conf\u00e9d\u00e9ration. Par temps venteux, les conducteurs provenant de l\u2019\u00cele-du-Prince-\u00c9douard sont encourag\u00e9s \u00e0 utiliser l\u2019aire de repos situ\u00e9e \u00e0 l\u2019intersection d\u2019Industrial Drive et de Dickie Road \u00e0 Borden-Carleton. Ce stationnement se trouve pr\u00e8s d\u2019am\u00e9nagements, incluant des toilettes, un Tim Hortons et Gateway Village.<\/p>\n<p>Au Nouveau-Brunswick, les conducteurs devraient prendre la sortie\u00a047 de la route\u00a016 Est (NB) qui donne acc\u00e8s \u00e0 l\u2019\u00e9difice situ\u00e9 pr\u00e8s du pont qui comprend des toilettes.[\/et_pb_text][\/et_pb_column][\/et_pb_row][\/et_pb_section]<\/p>\n","protected":false},"excerpt":{"rendered":"<p>Les propri\u00e9taires d\u2019un t\u00e9l\u00e9phone intelligent peuvent t\u00e9l\u00e9charger l\u2019application Pont de la Conf\u00e9d\u00e9ration ou s\u2019abonner au service \u00e9lectronique d\u2019avis aux voyageurs pour demeurer inform\u00e9s des conditions changeantes du pont. Les conditions actuelles sont \u00e9galement accessibles sur notre site Web ou en composant notre num\u00e9ro (902-437-7300), et en choisissant l\u2019option en question \u00e0 partir du menu principal. [&hellip;]<\/p>\n","protected":false},"author":1,"featured_media":0,"parent":0,"menu_order":0,"comment_status":"closed","ping_status":"closed","template":"","meta":{"_acf_changed":false,"_et_pb_use_builder":"on","_et_pb_old_content":"","_et_gb_content_width":"","footnotes":""},"class_list":["post-1087","page","type-page","status-publish","hentry"],"acf":[],"_links":{"self":[{"href":"https:\/\/www.confederationbridge.com\/fr\/wp-json\/wp\/v2\/pages\/1087","targetHints":{"allow":["GET"]}}],"collection":[{"href":"https:\/\/www.confederationbridge.com\/fr\/wp-json\/wp\/v2\/pages"}],"about":[{"href":"https:\/\/www.confederationbridge.com\/fr\/wp-json\/wp\/v2\/types\/page"}],"author":[{"embeddable":true,"href":"https:\/\/www.confederationbridge.com\/fr\/wp-json\/wp\/v2\/users\/1"}],"replies":[{"embeddable":true,"href":"https:\/\/www.confederationbridge.com\/fr\/wp-json\/wp\/v2\/comments?post=1087"}],"version-history":[{"count":16,"href":"https:\/\/www.confederationbridge.com\/fr\/wp-json\/wp\/v2\/pages\/1087\/revisions"}],"predecessor-version":[{"id":2483,"href":"https:\/\/www.confederationbridge.com\/fr\/wp-json\/wp\/v2\/pages\/1087\/revisions\/2483"}],"wp:attachment":[{"href":"https:\/\/www.confederationbridge.com\/fr\/wp-json\/wp\/v2\/media?parent=1087"}],"curies":[{"name":"wp","href":"https:\/\/api.w.org\/{rel}","templated":true}]}}