{"id":1075,"date":"2024-11-25T16:03:37","date_gmt":"2024-11-25T20:03:37","guid":{"rendered":"https:\/\/confederationbridge.com\/?page_id=1075"},"modified":"2025-04-21T17:56:49","modified_gmt":"2025-04-21T21:56:49","slug":"acceder-a-lile","status":"publish","type":"page","link":"https:\/\/www.confederationbridge.com\/fr\/acceder-a-lile\/","title":{"rendered":"Acc\u00e9der \u00e0 l\u2019\u00eele"},"content":{"rendered":"<p>[et_pb_section fb_built=\u00a0\u00bb1&Prime; admin_label=\u00a0\u00bbAbout Us\u00a0\u00bb _builder_version=\u00a0\u00bb4.24.0&Prime; background_enable_image=\u00a0\u00bboff\u00a0\u00bb parallax=\u00a0\u00bbon\u00a0\u00bb custom_margin=\u00a0\u00bb0px||0px||true|false\u00a0\u00bb custom_padding=\u00a0\u00bb0px|0px|60px|0px|false|false\u00a0\u00bb locked=\u00a0\u00bboff\u00a0\u00bb global_colors_info=\u00a0\u00bb{}\u00a0\u00bb][et_pb_row column_structure=\u00a0\u00bb2_5,3_5&Prime; use_custom_gutter=\u00a0\u00bbon\u00a0\u00bb make_equal=\u00a0\u00bbon\u00a0\u00bb _builder_version=\u00a0\u00bb4.24.0&Prime; _module_preset=\u00a0\u00bbdefault\u00a0\u00bb width=\u00a0\u00bb90%\u00a0\u00bb max_width=\u00a0\u00bb100%\u00a0\u00bb custom_margin=\u00a0\u00bb||||false|false\u00a0\u00bb custom_padding=\u00a0\u00bb0px||0px||false|false\u00a0\u00bb global_colors_info=\u00a0\u00bb{}\u00a0\u00bb][et_pb_column type=\u00a0\u00bb2_5&Prime; _builder_version=\u00a0\u00bb4.24.0&Prime; _module_preset=\u00a0\u00bbdefault\u00a0\u00bb global_colors_info=\u00a0\u00bb{}\u00a0\u00bb][et_pb_image src=\u00a0\u00bbhttps:\/\/www.confederationbridge.com\/wp-content\/uploads\/2024\/11\/getting_there_take_the_high_road_fr-1.jpg\u00a0\u00bb title_text=\u00a0\u00bbgetting_there_take_the_high_road_fr (1)\u00a0\u00bb force_fullwidth=\u00a0\u00bbon\u00a0\u00bb _builder_version=\u00a0\u00bb4.24.0&Prime; _module_preset=\u00a0\u00bbdefault\u00a0\u00bb border_radii=\u00a0\u00bbon|30px|30px|30px|30px\u00a0\u00bb border_width_all=\u00a0\u00bb7px\u00a0\u00bb border_color_all=\u00a0\u00bb#0fb2ec\u00a0\u00bb border_style_all=\u00a0\u00bbnone\u00a0\u00bb global_colors_info=\u00a0\u00bb{}\u00a0\u00bb][\/et_pb_image][et_pb_image src=\u00a0\u00bbhttps:\/\/www.confederationbridge.com\/wp-content\/uploads\/2025\/03\/get_the_app_fr-1.jpg\u00a0\u00bb title_text=\u00a0\u00bbdownload app\u00a0\u00bb url=\u00a0\u00bbhttps:\/\/confederationbridge.com\/fr\/telecharger-lapplication\/\u00a0\u00bb url_new_window=\u00a0\u00bbon\u00a0\u00bb _builder_version=\u00a0\u00bb4.27.4&Prime; _module_preset=\u00a0\u00bbdefault\u00a0\u00bb hover_enabled=\u00a0\u00bb0&Prime; border_radii=\u00a0\u00bbon|30px|30px|30px|30px\u00a0\u00bb border_width_all=\u00a0\u00bb7px\u00a0\u00bb border_color_all=\u00a0\u00bb#0fb2ec\u00a0\u00bb border_style_all=\u00a0\u00bbnone\u00a0\u00bb global_colors_info=\u00a0\u00bb{}\u00a0\u00bb alt=\u00a0\u00bbdownload the app\u00a0\u00bb sticky_enabled=\u00a0\u00bb0&Prime;][\/et_pb_image][\/et_pb_column][et_pb_column type=\u00a0\u00bb3_5&Prime; _builder_version=\u00a0\u00bb4.24.0&Prime; _module_preset=\u00a0\u00bbdefault\u00a0\u00bb custom_padding=\u00a0\u00bb||||false|false\u00a0\u00bb global_colors_info=\u00a0\u00bb{}\u00a0\u00bb][et_pb_heading title=\u00a0\u00bbAcc\u00e9der \u00e0 l\u2019\u00eele\u00a0\u00bb _builder_version=\u00a0\u00bb4.27.4&Prime; _module_preset=\u00a0\u00bbdefault\u00a0\u00bb title_font=\u00a0\u00bb|700|||||||\u00a0\u00bb title_text_color=\u00a0\u00bb#0ab30e\u00a0\u00bb title_font_size=\u00a0\u00bb29px\u00a0\u00bb custom_margin=\u00a0\u00bb||10px||false|false\u00a0\u00bb text_shadow_style=\u00a0\u00bbpreset5&Prime; text_shadow_horizontal_length=\u00a0\u00bb1px\u00a0\u00bb text_shadow_vertical_length=\u00a0\u00bb1px\u00a0\u00bb text_shadow_color=\u00a0\u00bb#000000&Prime; global_colors_info=\u00a0\u00bb{}\u00a0\u00bb text_shadow_color__hover_enabled=\u00a0\u00bbon|desktop\u00a0\u00bb text_shadow_color__hover=\u00a0\u00bb#000000&Prime;][\/et_pb_heading][et_pb_text _builder_version=\u00a0\u00bb4.27.4&Prime; _module_preset=\u00a0\u00bbdefault\u00a0\u00bb text_text_color=\u00a0\u00bb#000000&Prime; background_enable_color=\u00a0\u00bboff\u00a0\u00bb custom_padding=\u00a0\u00bb||||false|false\u00a0\u00bb border_radii=\u00a0\u00bbon|10px|10px|10px|10px\u00a0\u00bb border_width_all=\u00a0\u00bb1px\u00a0\u00bb border_style_all=\u00a0\u00bbnone\u00a0\u00bb global_colors_info=\u00a0\u00bb{}\u00a0\u00bb]<\/p>\n<p>Situ\u00e9 \u00e0 moins de 300 kilom\u00e8tres des plus grands centres urbains de la r\u00e9gion des Maritimes, le Pont de la Conf\u00e9d\u00e9ration facilite les d\u00e9placements vers l\u2019\u00cele et \u00e0 partir de l\u2019\u00cele, 24 heures sur 24, 365 jours par ann\u00e9e.<\/p>\n<p><strong>\u00c0 partir de Moncton<span>\u00a0<\/span><\/strong>: Empruntez la route\u00a015 Est (NB) vers Port Elgin et prenez la sortie NB-16E vers l\u2019\u00cele-du-Prince-\u00c9douard et le Pont de la Conf\u00e9d\u00e9ration. Pour observer le paysage \u00e0 couper le souffle au pied du pont, faites un arr\u00eat au Centre d\u2019interpr\u00e9tation de la nature Cape Jourimain, situ\u00e9 \u00e0 la sortie 51.<\/p>\n<p><strong>\u00c0 partir de la Nouvelle-\u00c9cosse<span>\u00a0<\/span><\/strong>: Empruntez la route\u00a0102 Nord (NS) vers Truro et prenez la sortie NS-104W vers Amherst\/Nouveau-Brunswick. La route\u00a0104 Ouest (NS) deviendra la route\u00a02 Ouest (NB) avant d\u2019arriver au Nouveau-Brunswick. Continuez sur la route\u00a02 Ouest (NB) et prenez la sortie NB-16E vers Port Elgin\/\u00cele-du-Prince-\u00c9douard et le Pont de la Conf\u00e9d\u00e9ration..<\/p>\n<p><strong>\u00c0 partir de Charlottetown<span>\u00a0<\/span><\/strong>: Empruntez l\u2019autoroute Transcanadienne Ouest vers Borden-Carleton\/Pont de la Conf\u00e9d\u00e9ration. Avant de traverser, refaites le plein d\u2019essence et achetez des collations et des souvenirs \u00e0 Gateway Village.<\/p>\n<p>[\/et_pb_text][\/et_pb_column][\/et_pb_row][\/et_pb_section]<\/p>\n","protected":false},"excerpt":{"rendered":"<p>Situ\u00e9 \u00e0 moins de 300 kilom\u00e8tres des plus grands centres urbains de la r\u00e9gion des Maritimes, le Pont de la Conf\u00e9d\u00e9ration facilite les d\u00e9placements vers l\u2019\u00cele et \u00e0 partir de l\u2019\u00cele, 24 heures sur 24, 365 jours par ann\u00e9e. \u00c0 partir de Moncton\u00a0: Empruntez la route\u00a015 Est (NB) vers Port Elgin et prenez la sortie [&hellip;]<\/p>\n","protected":false},"author":1,"featured_media":0,"parent":0,"menu_order":0,"comment_status":"closed","ping_status":"closed","template":"","meta":{"_acf_changed":false,"_et_pb_use_builder":"on","_et_pb_old_content":"","_et_gb_content_width":"","footnotes":""},"class_list":["post-1075","page","type-page","status-publish","hentry"],"acf":[],"_links":{"self":[{"href":"https:\/\/www.confederationbridge.com\/fr\/wp-json\/wp\/v2\/pages\/1075","targetHints":{"allow":["GET"]}}],"collection":[{"href":"https:\/\/www.confederationbridge.com\/fr\/wp-json\/wp\/v2\/pages"}],"about":[{"href":"https:\/\/www.confederationbridge.com\/fr\/wp-json\/wp\/v2\/types\/page"}],"author":[{"embeddable":true,"href":"https:\/\/www.confederationbridge.com\/fr\/wp-json\/wp\/v2\/users\/1"}],"replies":[{"embeddable":true,"href":"https:\/\/www.confederationbridge.com\/fr\/wp-json\/wp\/v2\/comments?post=1075"}],"version-history":[{"count":11,"href":"https:\/\/www.confederationbridge.com\/fr\/wp-json\/wp\/v2\/pages\/1075\/revisions"}],"predecessor-version":[{"id":2349,"href":"https:\/\/www.confederationbridge.com\/fr\/wp-json\/wp\/v2\/pages\/1075\/revisions\/2349"}],"wp:attachment":[{"href":"https:\/\/www.confederationbridge.com\/fr\/wp-json\/wp\/v2\/media?parent=1075"}],"curies":[{"name":"wp","href":"https:\/\/api.w.org\/{rel}","templated":true}]}}