{"id":1043,"date":"2024-11-15T21:21:44","date_gmt":"2024-11-16T01:21:44","guid":{"rendered":"https:\/\/confederationbridge.com\/?page_id=1043"},"modified":"2026-04-14T13:41:17","modified_gmt":"2026-04-14T17:41:17","slug":"voitures-de-tourisme","status":"publish","type":"page","link":"https:\/\/www.confederationbridge.com\/fr\/voitures-de-tourisme\/","title":{"rendered":"Voitures de tourisme"},"content":{"rendered":"<p>[et_pb_section fb_built=\u00a0\u00bb1&Prime; admin_label=\u00a0\u00bbAbout Us\u00a0\u00bb _builder_version=\u00a0\u00bb4.24.0&Prime; background_enable_image=\u00a0\u00bboff\u00a0\u00bb parallax=\u00a0\u00bbon\u00a0\u00bb custom_margin=\u00a0\u00bb0px||0px||true|false\u00a0\u00bb custom_padding=\u00a0\u00bb0px|0px|60px|0px|false|false\u00a0\u00bb locked=\u00a0\u00bboff\u00a0\u00bb global_colors_info=\u00a0\u00bb{}\u00a0\u00bb][et_pb_row column_structure=\u00a0\u00bb2_5,3_5&Prime; use_custom_gutter=\u00a0\u00bbon\u00a0\u00bb make_equal=\u00a0\u00bbon\u00a0\u00bb _builder_version=\u00a0\u00bb4.24.0&Prime; _module_preset=\u00a0\u00bbdefault\u00a0\u00bb width=\u00a0\u00bb90%\u00a0\u00bb max_width=\u00a0\u00bb100%\u00a0\u00bb custom_margin=\u00a0\u00bb||||false|false\u00a0\u00bb custom_padding=\u00a0\u00bb0px||0px||false|false\u00a0\u00bb global_colors_info=\u00a0\u00bb{}\u00a0\u00bb][et_pb_column type=\u00a0\u00bb2_5&Prime; _builder_version=\u00a0\u00bb4.24.0&Prime; _module_preset=\u00a0\u00bbdefault\u00a0\u00bb global_colors_info=\u00a0\u00bb{}\u00a0\u00bb][et_pb_heading title=\u00a0\u00bbFAQs\u00a0\u00bb _builder_version=\u00a0\u00bb4.27.4&Prime; _module_preset=\u00a0\u00bbdefault\u00a0\u00bb title_level=\u00a0\u00bbh2&Prime; title_font=\u00a0\u00bb|700|||||||\u00a0\u00bb title_text_color=\u00a0\u00bb#0ab30e\u00a0\u00bb title_font_size=\u00a0\u00bb29px\u00a0\u00bb custom_margin=\u00a0\u00bb||10px||false|false\u00a0\u00bb custom_padding=\u00a0\u00bb||0px||false|false\u00a0\u00bb text_shadow_style=\u00a0\u00bbpreset5&Prime; text_shadow_horizontal_length=\u00a0\u00bb1px\u00a0\u00bb text_shadow_vertical_length=\u00a0\u00bb1px\u00a0\u00bb text_shadow_color=\u00a0\u00bb#000000&Prime; global_colors_info=\u00a0\u00bb{}\u00a0\u00bb text_shadow_color__hover_enabled=\u00a0\u00bbon|desktop\u00a0\u00bb text_shadow_color__hover=\u00a0\u00bb#000000&Prime;][\/et_pb_heading][et_pb_accordion open_toggle_text_color=\u00a0\u00bb#0C71C3&Prime; closed_toggle_text_color=\u00a0\u00bb#007c02&Prime; closed_toggle_background_color=\u00a0\u00bb#FFFFFF\u00a0\u00bb toggle_icon=\u00a0\u00bb&#x49;||divi||400&Prime; icon_color=\u00a0\u00bb#7CDA24&Prime; use_icon_font_size=\u00a0\u00bbon\u00a0\u00bb _builder_version=\u00a0\u00bb4.27.4&Prime; _module_preset=\u00a0\u00bbdefault\u00a0\u00bb toggle_level=\u00a0\u00bbh3&Prime; toggle_font=\u00a0\u00bb|700|||||||\u00a0\u00bb toggle_font_size=\u00a0\u00bb16px\u00a0\u00bb body_text_color=\u00a0\u00bb#000000&Prime; border_radii=\u00a0\u00bbon|10px|10px|10px|10px\u00a0\u00bb border_color_all=\u00a0\u00bb#000000&Prime; global_colors_info=\u00a0\u00bb{}\u00a0\u00bb][et_pb_accordion_item title=\u00a0\u00bbQue dois-je faire si mon v\u00e9hicule \u00e9prouve des probl\u00e8mes m\u00e9caniques lorsque je me trouve sur le pont?\u00a0\u00bb open=\u00a0\u00bbon\u00a0\u00bb _builder_version=\u00a0\u00bb4.24.0&Prime; _module_preset=\u00a0\u00bbdefault\u00a0\u00bb global_colors_info=\u00a0\u00bb{}\u00a0\u00bb]<\/p>\n<div class=\"sFaq\">\n<div class=\"ans\">\n<div class=\"sFaq\">\n<div class=\"ans\">Le Pont de la Conf\u00e9d\u00e9ration est surveill\u00e9 24\u00a0heures par jour et offre un service de remorquage sp\u00e9cialis\u00e9. Pour obtenir de l\u2019aide, communiquez avec le Service de surveillance du pont \u00e0 l\u2019aide des t\u00e9l\u00e9phones d\u2019urgence fix\u00e9s sur les lampadaires du pont ou en composant directement le 902-437-7349.<\/div>\n<\/div>\n<div class=\"sFaq\"><\/div>\n<\/div>\n<\/div>\n<p>[\/et_pb_accordion_item][et_pb_accordion_item title=\u00a0\u00bbPuis-je voir par-dessus le parapet du pont?\u00a0\u00bb _builder_version=\u00a0\u00bb4.24.0&Prime; _module_preset=\u00a0\u00bbdefault\u00a0\u00bb global_colors_info=\u00a0\u00bb{}\u00a0\u00bb open=\u00a0\u00bboff\u00a0\u00bb]<\/p>\n<div class=\"col-md-6 col-sm-6 col-xs-12\">\n<div class=\"faq\">\n<div class=\"faqContainer\">\n<div class=\"sFaq\">\n<div class=\"ans\">Le parapet, qui mesure 1,1\u00a0m\u00e8tre de hauteur, constitue l\u2019un des parapets les plus hauts du monde. Seuls les usagers se d\u00e9pla\u00e7ant \u00e0 bord de v\u00e9hicules plus hauts comme des VUS de grande taille, des camionnettes, des camions et des autobus pourront voir l\u2019eau lorsqu\u2019ils emprunteront le pont.<\/div>\n<\/div>\n<\/div>\n<\/div>\n<\/div>\n<div class=\"col-md-6 col-sm-6 col-xs-12\"><\/div>\n<p>[\/et_pb_accordion_item][\/et_pb_accordion][\/et_pb_column][et_pb_column type=\u00a0\u00bb3_5&Prime; _builder_version=\u00a0\u00bb4.24.0&Prime; _module_preset=\u00a0\u00bbdefault\u00a0\u00bb custom_padding=\u00a0\u00bb||||false|false\u00a0\u00bb global_colors_info=\u00a0\u00bb{}\u00a0\u00bb][et_pb_heading title=\u00a0\u00bbEmpruntez le pont\u00a0\u00bb _builder_version=\u00a0\u00bb4.27.4&Prime; _module_preset=\u00a0\u00bbdefault\u00a0\u00bb title_level=\u00a0\u00bbh3&Prime; title_font=\u00a0\u00bb|700|||||||\u00a0\u00bb title_text_color=\u00a0\u00bb#0053a0&Prime; title_font_size=\u00a0\u00bb29px\u00a0\u00bb custom_margin=\u00a0\u00bb||0px||false|false\u00a0\u00bb custom_padding=\u00a0\u00bb||0px||false|false\u00a0\u00bb global_colors_info=\u00a0\u00bb{}\u00a0\u00bb text_shadow_color__hover_enabled=\u00a0\u00bbon|desktop\u00a0\u00bb text_shadow_color__hover=\u00a0\u00bb#000000&Prime;][\/et_pb_heading][et_pb_text _builder_version=\u00a0\u00bb4.24.0&Prime; _module_preset=\u00a0\u00bbdefault\u00a0\u00bb text_font=\u00a0\u00bb|700|||||||\u00a0\u00bb text_text_color=\u00a0\u00bb#0053a0&Prime; global_colors_info=\u00a0\u00bb{}\u00a0\u00bb]<\/p>\n<p class=\"save_time\">et \u00e9conomisez temps et argent lors de votre prochain d\u00e9placement!<\/p>\n<p>[\/et_pb_text][et_pb_heading title=\u00a0\u00bbVoitures de tourisme\u00a0\u00bb _builder_version=\u00a0\u00bb4.27.4&Prime; _module_preset=\u00a0\u00bbdefault\u00a0\u00bb title_font=\u00a0\u00bb|700|||||||\u00a0\u00bb title_text_color=\u00a0\u00bb#0ab30e\u00a0\u00bb title_font_size=\u00a0\u00bb29px\u00a0\u00bb custom_margin=\u00a0\u00bb||10px||false|false\u00a0\u00bb custom_padding=\u00a0\u00bb||0px||false|false\u00a0\u00bb text_shadow_style=\u00a0\u00bbpreset5&Prime; text_shadow_horizontal_length=\u00a0\u00bb1px\u00a0\u00bb text_shadow_vertical_length=\u00a0\u00bb1px\u00a0\u00bb text_shadow_color=\u00a0\u00bb#000000&Prime; global_colors_info=\u00a0\u00bb{}\u00a0\u00bb text_shadow_color__hover_enabled=\u00a0\u00bbon|desktop\u00a0\u00bb text_shadow_color__hover=\u00a0\u00bb#000000&Prime;][\/et_pb_heading][et_pb_text _builder_version=\u00a0\u00bb4.27.4&Prime; _module_preset=\u00a0\u00bbdefault\u00a0\u00bb text_text_color=\u00a0\u00bb#000000&Prime; background_enable_color=\u00a0\u00bboff\u00a0\u00bb custom_padding=\u00a0\u00bb||||false|false\u00a0\u00bb hover_enabled=\u00a0\u00bb0&Prime; border_radii=\u00a0\u00bbon|10px|10px|10px|10px\u00a0\u00bb border_width_all=\u00a0\u00bb1px\u00a0\u00bb border_style_all=\u00a0\u00bbnone\u00a0\u00bb global_colors_info=\u00a0\u00bb{}\u00a0\u00bb sticky_enabled=\u00a0\u00bb0&Prime;]<\/p>\n<p>Le Pont de la Conf\u00e9d\u00e9ration constitue le moyen de transport le plus rapide et le plus utile pour se d\u00e9placer entre l\u2019\u00cele-du-Prince-\u00c9douard et la partie continentale. La travers\u00e9e ne n\u00e9cessite que<span>\u00a0<\/span><strong>10 minutes<sup style=\"font-size: 10px;\">(1) <\/sup><\/strong>(durant les travaux de <a style=\"color: #0053a0; font-weight: 600;\" href=\"https:\/\/confederationbridge.com\/fr\/about-the-project\/\">Resurfa\u00e7age<\/a>,de 30 \u00e0 60 minutes suppl\u00e9mentaires sont \u00e0 pr\u00e9voir),<strong> et ce, 24 heures par jour, 365 jours par ann\u00e9e<\/strong>. De plus, comme vous<span>\u00a0<\/span><strong>\u00e9conomiserez 45<\/strong>\u00a0<strong>%<sup style=\"font-size: 10px;\">(2)<\/sup><\/strong><span>\u00a0<\/span>en choisissant cette option, le Pont de la Conf\u00e9d\u00e9ration est \u00e9galement le moyen de transport le plus \u00e9conomique pour se rendre \u00e0 l\u2019\u00cele. Pour conna\u00eetre les droits de p\u00e9age actuels,<a style=\"color: #0053a0; font-weight: 600;\" href=\"https:\/\/confederationbridge.com\/fr\/droits-de-peage-et-frais\/\"><span>\u00a0<\/span>cliquez ici (lien)<\/a>.<\/p>\n<p style=\"font-size: 10px;\">1. Selon les conditions d\u2019utilisation normales et la vitesse maximale affich\u00e9e de 80\u00a0km\/h.<br \/>2. Pourcentage d\u2019\u00e9conomie selon les droits de p\u00e9age de Northumberland Ferries en 2024 pour les v\u00e9hicules qui mesurent 20 pieds et moins.<\/p>\n<p>[\/et_pb_text][\/et_pb_column][\/et_pb_row][\/et_pb_section]<\/p>\n","protected":false},"excerpt":{"rendered":"<p>Le Pont de la Conf\u00e9d\u00e9ration est surveill\u00e9 24\u00a0heures par jour et offre un service de remorquage sp\u00e9cialis\u00e9. Pour obtenir de l\u2019aide, communiquez avec le Service de surveillance du pont \u00e0 l\u2019aide des t\u00e9l\u00e9phones d\u2019urgence fix\u00e9s sur les lampadaires du pont ou en composant directement le 902-437-7349. Le parapet, qui mesure 1,1\u00a0m\u00e8tre de hauteur, constitue l\u2019un [&hellip;]<\/p>\n","protected":false},"author":1,"featured_media":0,"parent":0,"menu_order":0,"comment_status":"closed","ping_status":"closed","template":"","meta":{"_acf_changed":false,"_et_pb_use_builder":"on","_et_pb_old_content":"","_et_gb_content_width":"","footnotes":""},"class_list":["post-1043","page","type-page","status-publish","hentry"],"acf":[],"_links":{"self":[{"href":"https:\/\/www.confederationbridge.com\/fr\/wp-json\/wp\/v2\/pages\/1043","targetHints":{"allow":["GET"]}}],"collection":[{"href":"https:\/\/www.confederationbridge.com\/fr\/wp-json\/wp\/v2\/pages"}],"about":[{"href":"https:\/\/www.confederationbridge.com\/fr\/wp-json\/wp\/v2\/types\/page"}],"author":[{"embeddable":true,"href":"https:\/\/www.confederationbridge.com\/fr\/wp-json\/wp\/v2\/users\/1"}],"replies":[{"embeddable":true,"href":"https:\/\/www.confederationbridge.com\/fr\/wp-json\/wp\/v2\/comments?post=1043"}],"version-history":[{"count":17,"href":"https:\/\/www.confederationbridge.com\/fr\/wp-json\/wp\/v2\/pages\/1043\/revisions"}],"predecessor-version":[{"id":2661,"href":"https:\/\/www.confederationbridge.com\/fr\/wp-json\/wp\/v2\/pages\/1043\/revisions\/2661"}],"wp:attachment":[{"href":"https:\/\/www.confederationbridge.com\/fr\/wp-json\/wp\/v2\/media?parent=1043"}],"curies":[{"name":"wp","href":"https:\/\/api.w.org\/{rel}","templated":true}]}}