{"id":1005,"date":"2024-11-26T21:12:54","date_gmt":"2024-11-27T01:12:54","guid":{"rendered":"https:\/\/confederationbridge.com\/?page_id=1005"},"modified":"2025-08-05T12:58:58","modified_gmt":"2025-08-05T16:58:58","slug":"droits-de-peage-et-frais","status":"publish","type":"page","link":"https:\/\/www.confederationbridge.com\/fr\/droits-de-peage-et-frais\/","title":{"rendered":"Droits de p\u00e9age et frais"},"content":{"rendered":"<p>[et_pb_section fb_built=\u00a0\u00bb1&Prime; admin_label=\u00a0\u00bbAbout Us\u00a0\u00bb _builder_version=\u00a0\u00bb4.24.0&Prime; background_enable_image=\u00a0\u00bboff\u00a0\u00bb parallax=\u00a0\u00bbon\u00a0\u00bb custom_margin=\u00a0\u00bb0px||0px||true|false\u00a0\u00bb custom_padding=\u00a0\u00bb0px|0px|60px|0px|false|false\u00a0\u00bb locked=\u00a0\u00bboff\u00a0\u00bb global_colors_info=\u00a0\u00bb{}\u00a0\u00bb][et_pb_row column_structure=\u00a0\u00bb2_5,3_5&Prime; use_custom_gutter=\u00a0\u00bbon\u00a0\u00bb make_equal=\u00a0\u00bbon\u00a0\u00bb _builder_version=\u00a0\u00bb4.24.0&Prime; _module_preset=\u00a0\u00bbdefault\u00a0\u00bb width=\u00a0\u00bb90%\u00a0\u00bb max_width=\u00a0\u00bb100%\u00a0\u00bb custom_margin=\u00a0\u00bb||||false|false\u00a0\u00bb custom_padding=\u00a0\u00bb0px||0px||false|false\u00a0\u00bb global_colors_info=\u00a0\u00bb{}\u00a0\u00bb][et_pb_column type=\u00a0\u00bb2_5&Prime; _builder_version=\u00a0\u00bb4.24.0&Prime; _module_preset=\u00a0\u00bbdefault\u00a0\u00bb global_colors_info=\u00a0\u00bb{}\u00a0\u00bb][et_pb_image src=\u00a0\u00bbhttps:\/\/www.confederationbridge.com\/wp-content\/uploads\/2024\/11\/tolls-fees-pic1_fr.jpg\u00a0\u00bb title_text=\u00a0\u00bbtolls-fees-pic1_fr\u00a0\u00bb force_fullwidth=\u00a0\u00bbon\u00a0\u00bb _builder_version=\u00a0\u00bb4.24.0&Prime; _module_preset=\u00a0\u00bbdefault\u00a0\u00bb border_radii=\u00a0\u00bbon|30px|30px|30px|30px\u00a0\u00bb border_width_all=\u00a0\u00bb7px\u00a0\u00bb border_color_all=\u00a0\u00bb#0fb2ec\u00a0\u00bb border_style_all=\u00a0\u00bbnone\u00a0\u00bb global_colors_info=\u00a0\u00bb{}\u00a0\u00bb][\/et_pb_image][et_pb_heading title=\u00a0\u00bbFAQs\u00a0\u00bb _builder_version=\u00a0\u00bb4.27.4&Prime; _module_preset=\u00a0\u00bbdefault\u00a0\u00bb title_level=\u00a0\u00bbh2&Prime; title_font=\u00a0\u00bb|700|||||||\u00a0\u00bb title_text_color=\u00a0\u00bb#0ab30e\u00a0\u00bb title_font_size=\u00a0\u00bb29px\u00a0\u00bb custom_margin=\u00a0\u00bb||10px||false|false\u00a0\u00bb custom_padding=\u00a0\u00bb||0px||false|false\u00a0\u00bb text_shadow_style=\u00a0\u00bbpreset5&Prime; text_shadow_horizontal_length=\u00a0\u00bb1px\u00a0\u00bb text_shadow_vertical_length=\u00a0\u00bb1px\u00a0\u00bb text_shadow_color=\u00a0\u00bb#000000&Prime; global_colors_info=\u00a0\u00bb{}\u00a0\u00bb text_shadow_color__hover_enabled=\u00a0\u00bbon|desktop\u00a0\u00bb text_shadow_color__hover=\u00a0\u00bb#000000&Prime;][\/et_pb_heading][et_pb_accordion open_toggle_text_color=\u00a0\u00bb#0C71C3&Prime; closed_toggle_text_color=\u00a0\u00bb#007c02&Prime; closed_toggle_background_color=\u00a0\u00bb#FFFFFF\u00a0\u00bb toggle_icon=\u00a0\u00bb&#x49;||divi||400&Prime; icon_color=\u00a0\u00bb#7CDA24&Prime; use_icon_font_size=\u00a0\u00bbon\u00a0\u00bb _builder_version=\u00a0\u00bb4.27.4&Prime; _module_preset=\u00a0\u00bbdefault\u00a0\u00bb toggle_level=\u00a0\u00bbh3&Prime; toggle_font=\u00a0\u00bb|700|||||||\u00a0\u00bb toggle_font_size=\u00a0\u00bb16px\u00a0\u00bb hover_enabled=\u00a0\u00bb0&Prime; border_radii=\u00a0\u00bbon|10px|10px|10px|10px\u00a0\u00bb border_color_all=\u00a0\u00bb#000000&Prime; global_colors_info=\u00a0\u00bb{}\u00a0\u00bb sticky_enabled=\u00a0\u00bb0&Prime;][et_pb_accordion_item title=\u00a0\u00bbEst-il possible d\u2019acheter un laissez-passer saisonnier ou pour usage fr\u00e9quent qui permet de payer des droits de p\u00e9age moins \u00e9lev\u00e9s?\u00a0\u00bb _builder_version=\u00a0\u00bb4.24.0&Prime; _module_preset=\u00a0\u00bbdefault\u00a0\u00bb global_colors_info=\u00a0\u00bb{}\u00a0\u00bb open=\u00a0\u00bboff\u00a0\u00bb]<\/p>\n<div class=\"sFaq\">\n<div class=\"ans\">\n<div class=\"sFaq\">\n<div class=\"ans\">Le Pont de la Conf\u00e9d\u00e9ration n\u2019offre pas de rabais sur les droits de p\u00e9age, dans un souci de traiter tous les clients de fa\u00e7on \u00e9quitable.<\/div>\n<\/div>\n<\/div>\n<\/div>\n<div class=\"sFaq\"><\/div>\n<p>[\/et_pb_accordion_item][et_pb_accordion_item title=\u00a0\u00bbFaut-il r\u00e9server une place pour traverser le pont, comme c\u2019est le cas pour un traversier?\u00a0\u00bb _builder_version=\u00a0\u00bb4.24.0&Prime; _module_preset=\u00a0\u00bbdefault\u00a0\u00bb global_colors_info=\u00a0\u00bb{}\u00a0\u00bb open=\u00a0\u00bboff\u00a0\u00bb]<\/p>\n<div class=\"sFaq\">\n<div class=\"ans\">\n<div class=\"sFaq\">\n<div class=\"ans\">Le Pont de la Conf\u00e9d\u00e9ration est accessible 24 heures par jour, sept jours sur sept. Les r\u00e9servations ne sont pas n\u00e9cessaires.<\/div>\n<\/div>\n<\/div>\n<\/div>\n<div class=\"sFaq\"><\/div>\n<p>[\/et_pb_accordion_item][\/et_pb_accordion][\/et_pb_column][et_pb_column type=\u00a0\u00bb3_5&Prime; _builder_version=\u00a0\u00bb4.24.0&Prime; _module_preset=\u00a0\u00bbdefault\u00a0\u00bb custom_padding=\u00a0\u00bb||||false|false\u00a0\u00bb global_colors_info=\u00a0\u00bb{}\u00a0\u00bb][et_pb_heading title=\u00a0\u00bbDroits de p\u00e9age et frais\u00a0\u00bb _builder_version=\u00a0\u00bb4.27.4&Prime; _module_preset=\u00a0\u00bbdefault\u00a0\u00bb title_font=\u00a0\u00bb|700|||||||\u00a0\u00bb title_text_color=\u00a0\u00bb#0ab30e\u00a0\u00bb title_font_size=\u00a0\u00bb29px\u00a0\u00bb custom_margin=\u00a0\u00bb||10px||false|false\u00a0\u00bb text_shadow_style=\u00a0\u00bbpreset5&Prime; text_shadow_horizontal_length=\u00a0\u00bb1px\u00a0\u00bb text_shadow_vertical_length=\u00a0\u00bb1px\u00a0\u00bb text_shadow_color=\u00a0\u00bb#000000&Prime; global_colors_info=\u00a0\u00bb{}\u00a0\u00bb text_shadow_color__hover_enabled=\u00a0\u00bbon|desktop\u00a0\u00bb text_shadow_color__hover=\u00a0\u00bb#000000&Prime;][\/et_pb_heading][et_pb_text _builder_version=\u00a0\u00bb4.27.4&Prime; _module_preset=\u00a0\u00bbdefault\u00a0\u00bb text_text_color=\u00a0\u00bb#000000&Prime; background_enable_color=\u00a0\u00bboff\u00a0\u00bb custom_padding=\u00a0\u00bb||||false|false\u00a0\u00bb border_radii=\u00a0\u00bbon|10px|10px|10px|10px\u00a0\u00bb border_width_all=\u00a0\u00bb1px\u00a0\u00bb border_style_all=\u00a0\u00bbnone\u00a0\u00bb global_colors_info=\u00a0\u00bb{}\u00a0\u00bb]<\/p>\n<p>Les droits de p\u00e9age du Pont de la Conf\u00e9d\u00e9ration sont d\u00e9termin\u00e9s selon le nombre d\u2019essieux que comporte un v\u00e9hicule et pour un aller-retour, peu importe le point d\u2019entr\u00e9e initial \u00e0 l\u2019\u00cele-du-Prince-\u00c9douard. Les droits de p\u00e9age du pont doivent \u00eatre acquitt\u00e9s quand vous quittez l\u2019\u00cele, au poste de p\u00e9age de Borden-Carleton, \u00cele-du-Prince-\u00c9douard. L\u2019argent comptant, les cartes de d\u00e9bit et toutes les cartes de cr\u00e9dit les plus populaires sont accept\u00e9s.<\/p>\n<p>Les droits de p\u00e9age du Pont de la Conf\u00e9d\u00e9ration sont exempts de taxes \u00e0 la consommation.<\/p>\n<p>[\/et_pb_text][et_pb_text _builder_version=\u00a0\u00bb4.24.0&Prime; _module_preset=\u00a0\u00bbdefault\u00a0\u00bb global_colors_info=\u00a0\u00bb{}\u00a0\u00bb]<table class=\"toll_rates_table_left\">\r\n\t<thead>\r\n\t\t<tr>\r\n\t\t\t<th colspan=\"2\"><b>Droits et Frais de p\u00e9age<\/b><\/th>\r\n\t\t<\/tr>\r\n\t<\/thead>\r\n\t<tbody>\r\n\t\t\t\t<tr>\r\n\t\t\t<td class=\"header\" colspan=\"2\"><b>V\u00e9hicules<\/b><\/td>\r\n\t\t<\/tr>\r\n\t\t<tr>\r\n\t\t\t<td>Deux premiers essieux<\/td>\r\n\t\t\t<td style=\"text-align: right;\">20,00$<\/td>\r\n\t\t<\/tr>\r\n\t\t<tr>\r\n\t\t\t<td>Chaque essieu additionnel<\/td>\r\n\t\t\t<td style=\"text-align: right;\">0,00$<\/td>\r\n\t\t<\/tr>\r\n\t\t<tr>\r\n\t\t\t<td>Motocyclette<\/td>\r\n\t\t\t<td style=\"text-align: right;\">20,00$<\/td>\r\n\t\t<\/tr>\r\n\t\t<tr>\r\n\t\t\t<td class=\"header\" colspan=\"2\"><b>Service de navette<\/b><\/td>\r\n\t\t<\/tr>\r\n\t\t<tr>\r\n\t\t\t<td>Pi\u00e9ton<\/td>\r\n\t\t\t<td style=\"text-align: right;\">4,75$<\/td>\r\n\t\t<\/tr>\r\n\t\t<tr>\r\n\t\t\t<td>Cycliste<\/td>\r\n\t\t\t<td style=\"text-align: right;\">9,50$<\/td>\r\n\t\t<\/tr>\r\n\t\t<tr>\r\n\t\t\t<td class=\"header\" colspan=\"2\"><b>Frais de bagage pour les pi\u00e9tons et les cyclistes<\/b><\/td>\r\n\t\t<\/tr>\r\n\t\t<tr>\r\n\t\t\t<td>Premier sac<\/td>\r\n\t\t\t<td style=\"text-align: right;\">Libre<\/td>\r\n\t\t<\/tr>\r\n\t\t<tr>\r\n\t\t\t<td>Chaque sac additionnel<\/td>\r\n\t\t\t<td style=\"text-align: right;\">4,25$<\/td>\r\n\t\t<\/tr>\r\n\t\t<tr>\r\n\t\t\t<td class=\"header\" colspan=\"2\"><b>Autre<\/b><\/td>\r\n\t\t<\/tr>\r\n\t\t<tr>\r\n\t\t\t<td>Panne d'essence<\/td>\r\n\t\t\t<td style=\"text-align: right;\">108,25$<\/td>\r\n\t\t<\/tr>\r\n\t\t<tr>\r\n\t\t\t<td>Chargement surdimensionn\u00e9 n\u00e9cessitant la fermeture du pont<\/td>\r\n\t\t\t<td style=\"text-align: right;\">216,50$<\/td>\r\n\t\t<\/tr>\r\n\t\t<tr>\r\n\t\t\t<td>Navette libre-service<\/td>\r\n\t\t\t<td style=\"text-align: right;\">4,75$<\/td>\r\n\t\t<\/tr>\r\n\t\t\t<\/tbody>\r\n<\/table>\r\n    [\/et_pb_text][\/et_pb_column][\/et_pb_row][\/et_pb_section]<\/p>\n","protected":false},"excerpt":{"rendered":"<p>Le Pont de la Conf\u00e9d\u00e9ration n\u2019offre pas de rabais sur les droits de p\u00e9age, dans un souci de traiter tous les clients de fa\u00e7on \u00e9quitable. Le Pont de la Conf\u00e9d\u00e9ration est accessible 24 heures par jour, sept jours sur sept. Les r\u00e9servations ne sont pas n\u00e9cessaires. Les droits de p\u00e9age du Pont de la Conf\u00e9d\u00e9ration [&hellip;]<\/p>\n","protected":false},"author":1,"featured_media":0,"parent":0,"menu_order":0,"comment_status":"closed","ping_status":"closed","template":"","meta":{"_acf_changed":false,"_et_pb_use_builder":"on","_et_pb_old_content":"","_et_gb_content_width":"","footnotes":""},"class_list":["post-1005","page","type-page","status-publish","hentry"],"acf":[],"_links":{"self":[{"href":"https:\/\/www.confederationbridge.com\/fr\/wp-json\/wp\/v2\/pages\/1005","targetHints":{"allow":["GET"]}}],"collection":[{"href":"https:\/\/www.confederationbridge.com\/fr\/wp-json\/wp\/v2\/pages"}],"about":[{"href":"https:\/\/www.confederationbridge.com\/fr\/wp-json\/wp\/v2\/types\/page"}],"author":[{"embeddable":true,"href":"https:\/\/www.confederationbridge.com\/fr\/wp-json\/wp\/v2\/users\/1"}],"replies":[{"embeddable":true,"href":"https:\/\/www.confederationbridge.com\/fr\/wp-json\/wp\/v2\/comments?post=1005"}],"version-history":[{"count":10,"href":"https:\/\/www.confederationbridge.com\/fr\/wp-json\/wp\/v2\/pages\/1005\/revisions"}],"predecessor-version":[{"id":2396,"href":"https:\/\/www.confederationbridge.com\/fr\/wp-json\/wp\/v2\/pages\/1005\/revisions\/2396"}],"wp:attachment":[{"href":"https:\/\/www.confederationbridge.com\/fr\/wp-json\/wp\/v2\/media?parent=1005"}],"curies":[{"name":"wp","href":"https:\/\/api.w.org\/{rel}","templated":true}]}}